{"id":31182,"date":"2022-11-10T14:18:50","date_gmt":"2022-11-10T13:18:50","guid":{"rendered":"https:\/\/rebeccaholtom.com\/privacy-policy\/"},"modified":"2023-03-29T15:51:18","modified_gmt":"2023-03-29T13:51:18","slug":"privacy-policy","status":"publish","type":"page","link":"https:\/\/rebeccaholtom.com\/en\/privacy-policy\/","title":{"rendered":"Privacy Policy"},"content":{"rendered":"\t\t<div data-elementor-type=\"wp-page\" data-elementor-id=\"31182\" class=\"elementor elementor-31182 elementor-3\" data-elementor-post-type=\"page\">\n\t\t\t\t\t\t<section class=\"elementor-section elementor-top-section elementor-element elementor-element-38bed098 elementor-section-boxed elementor-section-height-default elementor-section-height-default\" data-id=\"38bed098\" data-element_type=\"section\" data-e-type=\"section\">\n\t\t\t\t\t\t<div class=\"elementor-container elementor-column-gap-default\">\n\t\t\t\t\t<div class=\"elementor-column elementor-col-100 elementor-top-column elementor-element elementor-element-5feb31a6\" data-id=\"5feb31a6\" data-element_type=\"column\" data-e-type=\"column\">\n\t\t\t<div class=\"elementor-widget-wrap elementor-element-populated\">\n\t\t\t\t\t\t<div class=\"elementor-element elementor-element-65f38eed elementor-widget elementor-widget-text-editor\" data-id=\"65f38eed\" data-element_type=\"widget\" data-e-type=\"widget\" data-widget_type=\"text-editor.default\">\n\t\t\t\t<div class=\"elementor-widget-container\">\n\t\t\t\t\t\t\t\t\t<h2><strong>I- The purpose of this privacy policy<\/strong><\/h2>\n<div class=\"page-content\">\n<div class=\"elementor elementor-3\" data-elementor-type=\"wp-page\" data-elementor-id=\"3\">\n<section class=\"elementor-section elementor-top-section elementor-element elementor-element-8b1def9 elementor-section-boxed elementor-section-height-default elementor-section-height-default\" data-id=\"8b1def9\" data-element_type=\"section\">\n<div class=\"elementor-container elementor-column-gap-default\">\n<div class=\"elementor-column elementor-col-100 elementor-top-column elementor-element elementor-element-bf98e3\" data-id=\"bf98e3\" data-element_type=\"column\">\n<div class=\"elementor-widget-wrap elementor-element-populated\">\n<div class=\"elementor-element elementor-element-487b34f elementor-widget elementor-widget-text-editor\" data-id=\"487b34f\" data-element_type=\"widget\" data-widget_type=\"text-editor.default\">\n<div class=\"elementor-widget-container\">\n<p>The purpose of this privacy policy is to inform users of our site about the personal data we will collect and the following information, if applicable:<\/p>\n<ol>\n<li>The personal data we will collect<\/li>\n<li>The use of the data collected<\/li>\n<li>Who has access to the data collected<\/li>\n<li>The rights of the users of the site<\/li>\n<li>The site&#8217;s cookie policy<\/li>\n<\/ol>\n<p>This privacy policy operates in conjunction with the terms and conditions of use of our site.<\/p>\n<p><strong>Applicable laws<\/strong><\/p>\n<p><em>In accordance with the General Data Protection Regulation (GDPR)<\/em>, this privacy policy complies with the following regulations.<\/p>\n<p><strong>Personal data must be :<\/strong><\/p>\n<ol>\n<li>processed lawfully, fairly and transparently with regard to the data subject (lawfulness, fairness, transparency);<\/li>\n<li>collected for specified, explicit and legitimate purposes and not further processed in a way incompatible with those purposes; further processing for archival purposes in the public interest, for scientific or historical research purposes or for statistical purposes shall not be considered, in accordance with Article 89(1), as incompatible with the original purposes (purpose limitation) ;<\/li>\n<li>adequate, relevant and limited to what is necessary for the purposes for which they are processed (data minimisation);<\/li>\n<li>accurate and, where necessary, kept up to date; every reasonable step must be taken to ensure that personal data which are inaccurate, having regard to the purposes for which they are processed, are erased or rectified without delay (accuracy) ;<\/li>\n<li>kept in a form which permits identification of data subjects for no longer than is necessary for the purposes for which they are processed; personal data may be kept for longer periods in so far as they are processed exclusively for archival purposes in the public interest, for scientific or historical research purposes or for statistical purposes in accordance with Article 89(1), provided that the appropriate technical and organisational measures required by the Regulation to safeguard the rights and freedoms of the data subject are implemented (limitation of storage) ;<\/li>\n<li>processed in such a way as to ensure appropriate security of personal data, including protection against unauthorised or unlawful processing and against accidental loss, destruction or damage, by means of appropriate technical or organisational measures (integrity and confidentiality).<\/li>\n<\/ol>\n<p> <\/p>\n<p><strong>Processing is lawful only if, and to the extent that, at least one of the following conditions is met<\/strong><\/p>\n<ol>\n<li>the data subject has consented to the processing of his\/her personal data for one or more specific purposes;<\/li>\n<li>the processing is necessary for the performance of a contract to which the data subject is party or for the performance of pre-contractual measures taken at the request of the data subject;<\/li>\n<li>the processing is necessary for compliance with a legal obligation to which the controller is subject;<\/li>\n<li>the processing is necessary to protect the vital interests of the data subject or of another natural person;<\/li>\n<li>the processing is necessary for the performance of a task carried out in the public interest or in the exercise of official authority vested in the controller;<\/li>\n<li>the processing is necessary for the purposes of the legitimate interests pursued by the controller or by a third party, unless the interests or fundamental rights and freedoms of the data subject which require the protection of personal data prevail, in particular where the data subject is a child.<\/li>\n<\/ol>\n<p> <\/p>\n<p>Pour les r\u00e9sidents de l\u2019\u00c9tat de Californie, cette politique de confidentialit\u00e9 vise \u00e0 se conformer \u00e0 la California Consumer Privacy Act (CCPA). If there are inconsistencies between this document and the CCPA, state law will apply. If we find any inconsistencies, we will amend our policy to comply with the relevant law.<\/p>\n<p> <\/p>\n<h2>II- Consent<\/h2>\n<p>Users agree that by using our site, they consent to :<\/p>\n<ul>\n<li>the conditions set out in this privacy policy and<\/li>\n<li>the collection, use and retention of the data listed in this policy.<\/li>\n<li> <\/li>\n<\/ul>\n<h2>III- Personal data we collect<\/h2>\n<p><strong>Data collected automatically<\/strong><\/p>\n<p>We do not collect any data automatically on our site.<\/p>\n<p> <strong>Data collected non-automatically<\/strong><\/p>\n<p>We may also collect the following data when you perform certain functions on our site:<\/p>\n<ul>\n<li><strong>First and last name<\/strong><\/li>\n<li><strong>Email<\/strong><\/li>\n<li><strong>Telephone number<\/strong><\/li>\n<\/ul>\n<p>This data can be collected by the following methods:<\/p>\n<p><strong><em>Contact forms<\/em><\/strong><\/p>\n<p>Please note that we only collect data that helps us achieve the purpose stated in this privacy policy. Nous ne recueillerons pas de donn\u00e9es suppl\u00e9mentaires sans vous en informer au pr\u00e9alable.<\/p>\n<p> <strong>How we use personal data<\/strong><\/p>\n<p>Personal data collected on our site will only be used for the purposes specified in this policy or indicated on the relevant pages of our site. We will not use your data beyond what we disclose.<\/p>\n<p> <strong>The data we collect when the user performs certain functions may be used for the following purposes:<\/strong><\/p>\n<p><em><strong>Communication<\/strong><\/em><\/p>\n<p> <strong>With whom we share personal data<\/strong><\/p>\n<p><strong>Employees<\/strong><\/p>\n<p>Nous pouvons divulguer \u00e0 tout membre de notre organisation les donn\u00e9es relatives aux utilisateurs qui sont raisonnablement n\u00e9cessaires pour atteindre les objectifs d\u00e9finis dans la pr\u00e9sente politique.<\/p>\n<p><strong>Third parties<\/strong><\/p>\n<p>We may share user data with the following third parties: __________<\/p>\n<p>We may share User Data with third parties for the following purposes : __________<\/p>\n<p>Third parties will not be able to access user data beyond what is reasonably necessary to achieve the given purpose.<\/p>\n<p><strong>Other disclosures<\/strong><\/p>\n<p>We will not sell or share your data with third parties, except in the following cases :<\/p>\n<ol>\n<li>if required by law<\/li>\n<li>if it is required for any legal proceedings<\/li>\n<li>to prove or protect our legal rights<\/li>\n<li>to purchasers or potential purchasers of that company in the event that we seek to sell the company<\/li>\n<\/ol>\n<p>If you follow hyperlinks from our site to another site, please note that we are not responsible for and have no control over their privacy policies and practices.<\/p>\n<p><strong>How long we store personal data<\/strong><\/p>\n<p>We do not retain user data beyond what is necessary to achieve the purposes for which it is collected.<\/p>\n<p><strong>How we protect your personal data<\/strong><\/p>\n<p>All data stored in our system is well secured and only accessible to our employees. Our employees are bound by strict confidentiality agreements and a breach of this agreement would result in the employee&#8217;s dismissal.<\/p>\n<p>Bien que nous prenions toutes les pr\u00e9cautions raisonnables pour garantir la s\u00e9curit\u00e9 des donn\u00e9es de nos utilisateurs et la protection de ces derniers, il existe toujours un risque de pr\u00e9judice. The Internet as a whole can be, at times, insecure and therefore we are unable to guarantee the security of user data beyond what is reasonably practical.<\/p>\n<p> Minors<\/p>\n<p>The GDPR specifies that persons under the age of 15 are considered minors for the purposes of data collection. Minors must have the consent of a legal representative for their data to be collected, processed and used.<\/p>\n<p> <strong>Your rights as a user<\/strong><\/p>\n<p>Under the GDPR, users have the following rights as data subjects:<\/p>\n<ol>\n<li>right of access<\/li>\n<li>right of rectification<\/li>\n<li>right to erasure<\/li>\n<li>right to restrict processing<\/li>\n<li>right to data portability<\/li>\n<li>right of objection<\/li>\n<\/ol>\n<p>More information on these rights can be found in chapter 3 (art 12-23) of the GDPR.<\/p>\n<p> <strong>How to change, delete or dispute the data collected<\/strong><\/p>\n<p>If you wish to have your information deleted or amended in any way, please contact our Privacy Officer here :<\/p>\n<p><i>Rebecca HOLTOM<\/i><\/p>\n<p><a title=\"rebecca.holtom@wanadoo.fr\" href=\"mailto:rebecca.holtom@wanadoo.fr\">rebecca.holtom@wanadoo.fr<\/a><\/p>\n<p>28 Rue de la Dysse, 34150 Montpeyroux<\/p>\n<p><span aria-label=\"Appeler le 04 67 88 61 76\">04 67 88 61 76<\/span><\/p>\n<p> <\/p>\n<p><strong>Cookie policy<\/strong><\/p>\n<p>A cookie is a small file, stored on a user&#8217;s hard drive by the website. Its purpose is to collect data about the user&#8217;s browsing habits. We use the following types of cookies on our site :<\/p>\n<p><strong>Functional cookies<\/strong><\/p>\n<p>We use them to remember any selections you make on our site so that they are saved for future visits. <\/p>\n<p>You can choose to be notified each time a cookie is sent. You can also choose to disable cookies entirely in your web browser, but this may reduce the quality of your user experience.<\/p>\n<p> <\/p>\n<p><strong>Changes<\/strong><\/p>\n<p>This privacy policy may be amended from time to time to maintain compliance with the law and to reflect any changes to our data collection process. We recommend that our users check our policy from time to time to ensure that they are aware of any updates. If necessary, we may notify users by e-mail of changes to this policy.<\/p>\n<p> <\/p>\n<p><strong>Contact<\/strong><\/p>\n<p>If you have any questions, please do not hesitate to contact us using the following:<\/p>\n<p>Rebecca HOLTOM<\/p>\n<p><span aria-label=\"Appeler le 04 67 88 61 76\">04 67 88 61 76<\/span><\/p>\n<p><a title=\"rebecca.holtom@wanadoo.fr\" href=\"mailto:rebecca.holtom@wanadoo.fr\">rebecca.holtom@wanadoo.fr <\/a><\/p>\n<p>28 Rue de la Dysse, 34150 Montpeyroux<\/p>\n<\/div>\n<\/div>\n<\/div>\n<\/div>\n<\/div>\n<\/section>\n<\/div>\n<\/div>\t\t\t\t\t\t\t\t<\/div>\n\t\t\t\t<\/div>\n\t\t\t\t\t<\/div>\n\t\t<\/div>\n\t\t\t\t\t<\/div>\n\t\t<\/section>\n\t\t\t\t<\/div>\n\t\t","protected":false},"excerpt":{"rendered":"<p>I- The purpose of this privacy policy The purpose of this privacy policy is to inform users of our site about the personal data we will collect and the following information, if applicable: The personal data we will collect The use of the data collected Who has access to the data collected The rights of [&hellip;]<\/p>\n","protected":false},"author":1,"featured_media":0,"parent":0,"menu_order":0,"comment_status":"closed","ping_status":"closed","template":"","meta":{"footnotes":""},"class_list":["post-31182","page","type-page","status-publish","hentry"],"_links":{"self":[{"href":"https:\/\/rebeccaholtom.com\/en\/wp-json\/wp\/v2\/pages\/31182","targetHints":{"allow":["GET"]}}],"collection":[{"href":"https:\/\/rebeccaholtom.com\/en\/wp-json\/wp\/v2\/pages"}],"about":[{"href":"https:\/\/rebeccaholtom.com\/en\/wp-json\/wp\/v2\/types\/page"}],"author":[{"embeddable":true,"href":"https:\/\/rebeccaholtom.com\/en\/wp-json\/wp\/v2\/users\/1"}],"replies":[{"embeddable":true,"href":"https:\/\/rebeccaholtom.com\/en\/wp-json\/wp\/v2\/comments?post=31182"}],"version-history":[{"count":0,"href":"https:\/\/rebeccaholtom.com\/en\/wp-json\/wp\/v2\/pages\/31182\/revisions"}],"wp:attachment":[{"href":"https:\/\/rebeccaholtom.com\/en\/wp-json\/wp\/v2\/media?parent=31182"}],"curies":[{"name":"wp","href":"https:\/\/api.w.org\/{rel}","templated":true}]}}